{"id":88,"date":"2024-02-10T08:08:25","date_gmt":"2024-02-10T08:08:25","guid":{"rendered":"http:\/\/www.epe.tuiasi.ro\/site\/?page_id=88"},"modified":"2024-10-16T10:33:57","modified_gmt":"2024-10-16T08:33:57","slug":"conference","status":"publish","type":"page","link":"https:\/\/www.epe.tuiasi.ro\/2024\/conference\/","title":{"rendered":"<img src=\"https:\/\/www.epe.tuiasi.ro\/wp-content\/uploads\/2024\/03\/img2.png\"\/>   Conference"},"content":{"rendered":"\n<p><\/p>\n\n\n\n<p><\/p>\n\n\n<p>Call for papers<\/p>\n<p>You may download here the 3rd <a href=\"https:\/\/www.epe.tuiasi.ro\/wp-content\/uploads\/2024\/07\/flyer-EPEi-2024-_-Third-CfP.pdf\">EPEi 2024 Call for Papers<\/a>.<\/p>\n\n\n<div class=\"wp-block-columns is-layout-flex wp-container-core-columns-is-layout-1 wp-block-columns-is-layout-flex\">\n<div class=\"wp-block-column is-layout-flow wp-block-column-is-layout-flow\">\n<pre class=\"wp-block-preformatted titlu has-white-color has-text-color has-background has-link-color has-medium-font-size wp-elements-497f04894b1d1bac3161c3c8df291f17\" style=\"background-color:#030050\"><img loading=\"lazy\" decoding=\"async\" width=\"300\" height=\"40\" class=\"wp-image-1319\" style=\"width: 90px; height: 8px;\" src=\"https:\/\/www.epe.tuiasi.ro\/wp-content\/uploads\/2024\/03\/img1.png\" alt=\"\"> <strong>Topics:<\/strong><\/pre>\n<\/div>\n\n\n\n<div class=\"wp-block-column is-layout-flow wp-block-column-is-layout-flow\"><\/div>\n<\/div>\n\n\n\n<p><strong>\u2022<\/strong> Automation and robotics<br><strong>\u2022<\/strong> Computer science and AI applications<br><strong>\u2022<\/strong> Education in electrical and power engineering<br><strong>\u2022<\/strong> Electrical apparatus<br><strong>\u2022<\/strong> Electrical machines<br><strong>\u2022<\/strong> Electromagnetic field and electrical circuits<br><strong>\u2022<\/strong> Emerging technologies for electrotechnical materials<br><strong>\u2022<\/strong> Industry applications<br><strong>\u2022<\/strong> Metrology and measurement systems<br><strong>\u2022<\/strong> Power electronics and electrical drives<br><strong>\u2022<\/strong> Power systems<br><strong>\u2022<\/strong> Renewable energy<\/p>\n\n\n\n<div class=\"wp-block-columns is-layout-flex wp-container-core-columns-is-layout-2 wp-block-columns-is-layout-flex\">\n<div class=\"wp-block-column is-layout-flow wp-block-column-is-layout-flow\">\n<pre class=\"wp-block-preformatted titlu has-white-color has-text-color has-background has-link-color has-medium-font-size wp-elements-6c1f5d89edeb4a11d0365c107d70a72e\" style=\"background-color:#030050\"><img loading=\"lazy\" decoding=\"async\" width=\"300\" height=\"40\" class=\"wp-image-1319\" style=\"width: 90px; height: 8px;\" src=\"https:\/\/www.epe.tuiasi.ro\/wp-content\/uploads\/2024\/03\/img1.png\" alt=\"\"> <strong>Workshops:<\/strong><\/pre>\n<\/div>\n\n\n\n<div class=\"wp-block-column is-vertically-aligned-center is-layout-flow wp-block-column-is-layout-flow\"><\/div>\n<\/div>\n\n\n\n<p><strong>\u2022<\/strong> 9th International Workshop with Industry on Electromagnetic Properties of Materials and Dedicated<br><strong>\u2022 <\/strong><a href=\"https:\/\/www.epe.tuiasi.ro\/jointevents\/#emc\">8th International Workshop on Electromagnetic Compatibility and Engineering in Medicine and Biology<\/a><br><strong>\u2022<\/strong> <a href=\"https:\/\/www.epe.tuiasi.ro\/jointevents\/#climate\">1st International Workshop on Energy Efficiency: Transition to Climate Neutrality<\/a> &#8211; <a href=\"https:\/\/www.epe.tuiasi.ro\/sections\/energyefficiency\/\">webpage<\/a><\/p>\n\n\n\n<div class=\"wp-block-columns is-layout-flex wp-container-core-columns-is-layout-3 wp-block-columns-is-layout-flex\">\n<div class=\"wp-block-column is-layout-flow wp-block-column-is-layout-flow\">\n<pre class=\"wp-block-preformatted titlu has-white-color has-text-color has-background has-link-color has-medium-font-size wp-elements-fa30fab82c30b4f207d991b519a76ae1\" style=\"background-color:#030050\"><img loading=\"lazy\" decoding=\"async\" width=\"300\" height=\"40\" class=\"wp-image-1319\" style=\"width: 90px; height: 8px;\" src=\"https:\/\/www.epe.tuiasi.ro\/wp-content\/uploads\/2024\/03\/img1.png\" alt=\"\"> Applications<strong>:<\/strong><\/pre>\n<\/div>\n\n\n\n<div class=\"wp-block-column is-layout-flow wp-block-column-is-layout-flow\"><\/div>\n<\/div>\n\n\n\n<p><strong>\u2022<\/strong> 6th Workshop on Lighting: From Energy Efficiency to Light Pollution<br><strong>\u2022<\/strong> 5th Workshop on Internet of Things<br><strong>\u2022<\/strong> 4th International Workshop on Advances in Rehabilitation Engineering Applications<br><strong>\u2022<\/strong> 3rd Workshop on Trends and Challenges of Automotive Industry<\/p>\n\n\n\n<div class=\"wp-block-columns is-layout-flex wp-container-core-columns-is-layout-4 wp-block-columns-is-layout-flex\">\n<div class=\"wp-block-column is-layout-flow wp-block-column-is-layout-flow\">\n<pre class=\"wp-block-preformatted titlu has-white-color has-text-color has-background has-link-color has-medium-font-size wp-elements-a263b89f22c4aee82f78352c3a80d86b\" style=\"background-color:#030050\"><img loading=\"lazy\" decoding=\"async\" width=\"300\" height=\"40\" class=\"wp-image-1319\" style=\"width: 90px; height: 8px;\" src=\"https:\/\/www.epe.tuiasi.ro\/wp-content\/uploads\/2024\/03\/img1.png\" alt=\"\"> <strong>Committees:<\/strong><\/pre>\n<\/div>\n\n\n\n<div class=\"wp-block-column is-layout-flow wp-block-column-is-layout-flow\"><\/div>\n<\/div>\n\n\n\n<p><b>Conference Chair<\/b><strong>s<\/strong><br>Marinel TEMNEANU<br>Seeram RAMAKRISHNA<\/p>\n\n\n\n<p><b>Technical Program Chairs<br><\/b>Cristian FO\u0218AL\u0102U<br>Cristian-Gyozo HABA<\/p>\n\n\n\n<p><b>Conference Team Coordinator<\/b><br>Marian Poboroniuc<\/p>\n\n\n\n<p><b>Publication Chair<br><\/b>Bogdan Neagu<\/p>\n\n\n\n<p><b>Organizing Committee Chairs<\/b><br>Dorin Dumitru LUCACHE<br>Alexandru SALCEANU<\/p>\n\n\n\n<p><b>Conference Treasurer<\/b><br>Oana BENIUGA<\/p>\n\n\n\n<p><strong>Web Master<br><\/strong>C\u0103t\u0103lin DAMIAN<\/p>\n\n\n\n<p><b>Conference Secretary<\/b><br>Alin DRAGOMIR<\/p>\n\n\n\n<p><b>Honorary Scientific Committee<br><\/b>Tudor Ambros, Technical University of Moldova, Moldova<br>Dan Ca\u0219caval, \u201eGheorghe Asachi\u201d Technical University of Iasi, Romania<br>Aurel Campeanu, University of Craiova, Romania<br>Mihai Cretu, \u201eGheorghe Asachi\u201d Technical University of Iasi, Romania<br>Adrian Graur, University &#8220;\u015etefan cel Mare&#8221; of Suceava, Romania<br>Mircea Eremia, Politehnica University of Bucharest, Romania<br>Radu Munteanu, Technical University of Cluj-Napoca, Romania<br>Alecsandru Simion,\u201dGheorghe Asachi\u201d Technical University of Iasi, Romania<br>Petru Todos, Technical University of Moldova, R.Moldova<b>&nbsp;<\/b><\/p>\n\n\n\n<p><b>International Steering Committee <\/b><\/p>\n\n\n\n<p>Radu Bojoi, Politecnico di Torino, Italy<br>Gianfranco&nbsp;Chicco, Politecnico di Torino, Italy<br>Pasquale Daponte, Universita degli Studi di Sannio, Italy<br>Qing He, Chinese National Institute of Metrology, China<br>Zhiyuan Liu, Xi&#8217;an Jiaotong University, China<br>Aiwan Ma, Chinese Society for Measurement, China<br>Alexandru Morega, Politehnica University of Bucharest, Romania<br>Rachid Outbib, Aix-Marseille Universit\u00e9, France<br>Octavian Postolache, Lisbon Institute of Telecommunications, Portugal<br>Antonio Cruz Serra, University of Lisbon, Portugal<br>Monica Siroux, University of Strasbourg, France<\/p>\n\n\n\n<p><\/p>\n\n\n\n<p><b>International Scientific Committee<br><\/b>Du\u0161an Agre\u017e, University of Ljubljana, Slovenia<br>Mihaela Albu, Politehnica University of Bucharest, Romania<br>Jurij Avsec,\u00a0University of Maribor, Slovenia<br>Paul Bechet, &#8220;Nicolae Balcescu&#8221; Land Forces Academy, Sibiu, Romania<br>Iulian Birou, Technical University of Cluj-Napoca, Romania<br>Grega Bizjak, University of Ljubljana, Slovenia<br>Constantin Bulac, Politehnica University of Bucharest, Romania<br>Samiran Chattopadhyay, Jadavpur University, Kolkata, India<br>Gianluca Cicala, University of Catania, Italy<br>Marian Ciontu, University of Craiova, Romania<br>Radu Ciorap, Gr.T.Popa\u201d University of Medicine and Pharmacy Iasi, Romania<br>Hariton Costin, \u201eGr.T.Popa\u201d University of Medicine and Pharmacy Iasi, Romania<br>Andrei Czicker, Technical University of Cluj-Napoca, Romania<br>Dominique Dallet, Electronic Engineering School of Bordeaux, France<br>George Darie, Politehnica University of Bucharest, Romania<br>Sorin Deaconu, Polytechnic University of Timisoara, Romania<br>Bulent Ertan, Middle East Technical University, Turkey<br>Davide Fabiani, University of Bologna, Italy<br>Daniel Fodorean, Technical University of Cluj-Napoca, Romania<br>Pedro Silva Girao, Instituto Superior Technico Lisbon, Portugal<br>Damien Guilbert, l&#8217;Universit\u00e9 Le Havre, France<br>Mikulas Huba, Slovak University of Technology in Bratislava, Slovakia<br>Michel Ianoz, Ecole Polytechnique Federale de Lausanne, Switzerland<br>Angela Daniela LaRosa, Norwegian University of Science and Technology<br>Nikolay Madjarov, Technical University of Gabrovo, Bulgaria<br>Claudia Martis, Technical University of Cluj-Napoca, Romania<br>Lucian Mandache, University of Craiova, Romania<br>Linus Michaeli, Technical University of Kosice, Slovakia<br>Dan Milici, \u201eStefan cel Mare\u201d University of Suceava, Romania<br>Janusz Mindykowski, Gdynia Maritime Academy, Poland<br>Simona Miclaus, &#8220;Nicolae Balcescu&#8221; Land Forces Academy, Sibiu, Romania<br>Alberto Moro, ENEA, Italy<br>Nazih Moubayed, Lebanese University, Lebanon<br>Darwin Mu\u00f1oz,\u00a0Universidad Federico Henr\u00edquez y Carvajal,\u00a0Rep\u00fablica Dominicana<br>Nicolae Muntean, Polytechnic University of Timisoara, Romania<br>Calin Munteanu, Technical University of Cluj-Napoca, Romania<br>Sorin Musuroi,\u00a0Polytechnic University of Timisoara, Romania<br>Valentin Navrapescu, Politehnica University of Bucharest, Romania<br>Horia Necula, Politehnica University of Bucharest, Romania<br>Cristian Nichita, Universite du Havre, France<br>Marin Petre Nicolae, University of Craiova, Romania<br>Drago\u0219 Marin Niculae, Politehnica University of Bucharest, Romania<br>Ilie Nuca, Technical University of Moldova, Moldova<br>Rachid Outbib, Aix-Marseille Universit\u00e9, France<br>Adrian Pan\u0103, Polytechnic University of Timisoara, Romania<br>Sorin Pavel, Technical University of Cluj-Napoca, Romania<br>Radu Pentiuc, \u201eStefan cel Mare\u201d University of Suceava, Romania<br>Claudia Popescu, Politehnica University of Bucharest, Romania<br>Dorin Popescu, University of Craiova, Romania<br>Mihaela Popescu, University of Craiova, Romania<br>Nirvana Popescu, Politehnica University of Bucharest, Romania<br>Raul Rabinovici, Ben-Gurion University of the Nagev, Israel<br>Sergiu Radu, Oracle, USA<br>L\u0103cr\u0103mioara Diana Robescu, Politehnica University of Bucharest, Romania<br>Avid Roman-Gonzalez,\u00a0Universidad Nacional Tecnologica de Lima Sur, Peru<br>Fabrizio Scarpa, University of Bristol, United Kingdom<br>George Seri\u0163an, Politehnica University of Bucharest, Romania<br>Marcin Skoczylas, Bialystok University of Technology, Poland<br>Ciprian \u0218orandaru, Polytechnic University of Timisoara, Romania<br>Alexandru Sover,\u00a0Hochschule Ansbach, Germany<br>Lucian Toma, Politehnica University of Bucharest, Romania<br>Vasile Topa, Technical University of Cluj-Napoca, Romania<br>Doru Vatau, Polytechnic University of Timisoara, Romania<br>Wojciech Walendziuk, Bialystok University of Technology, Poland<br>Dario Zaninelli, Politecnico di Milano, Italy<br>Inga Zigmane, Riga Technical University, Latvia<\/p>\n\n\n\n<p><b>Technical Program Committee <\/b><\/p>\n\n\n\n<div class=\"wp-block-columns is-layout-flex wp-container-core-columns-is-layout-5 wp-block-columns-is-layout-flex\">\n<div class=\"wp-block-column is-layout-flow wp-block-column-is-layout-flow\">\n<p>Cristian FO\u0218AL\u0102U &#8211; Chair<br>Cristian-Gyozo HABA &#8211; Chair<br>Maricel Adam<br>Mihai Albu<br>Sebastian Ar\u0103doaiei<br>Romeo Ciobanu<br>C\u0103t\u0103lin Damian<br>Valeriu David<br>Mihai Gavrila\u0219<br>C\u0103t\u0103lin G\u0103l\u0103\u021banu<br>Gheorghe Grigora\u0219<\/p>\n<\/div>\n\n\n\n<div class=\"wp-block-column is-layout-flow wp-block-column-is-layout-flow\">\n<p>Gheorghe Livin\u021b<br>Dorin Lucache<br>Eduard Lunc\u0103<br>Drago\u0219 Machidon<br>Adrian Munteanu<br>Ciprian Neme\u0219<br>Marius Olariu<br>Camelia Petrescu<br>Daniel Petri\u0219or<br>Marian Poboroniuc<br>Cristian Zet<\/p>\n<\/div>\n<\/div>\n\n\n\n<p><strong>Local <\/strong><b>Organizing Committee <\/b><\/p>\n\n\n\n<div class=\"wp-block-columns is-layout-flex wp-container-core-columns-is-layout-6 wp-block-columns-is-layout-flex\">\n<div class=\"wp-block-column is-layout-flow wp-block-column-is-layout-flow\">\n<p>Dorin Dumitru Lucache &#8211; Chair<br>Alexandru Salceanu &#8211; Chair<br>Mihaela Ar\u0103doaiei<br>Oana Asimnicesei<br>Drago\u0219 Astanei<br>Alina Baciu<\/p>\n<\/div>\n\n\n\n<div class=\"wp-block-column is-layout-flow wp-block-column-is-layout-flow\">\n<p>Florin B\u0103iceanu<br>R\u0103zvan Beniug\u0103<br>Anamaria Hariton<br>Ionu\u021b Nacu<br>Elena Serea<br>Ramona Simionescu<\/p>\n<\/div>\n<\/div>\n\n\n\n<div class=\"wp-block-columns is-layout-flex wp-container-core-columns-is-layout-7 wp-block-columns-is-layout-flex\">\n<div class=\"wp-block-column is-layout-flow wp-block-column-is-layout-flow\">\n<pre class=\"wp-block-preformatted titlu has-white-color has-text-color has-background has-link-color has-medium-font-size wp-elements-9ecff1d35e3bc53c4daec9490d61aa0e\" style=\"background-color:#030050\"><img loading=\"lazy\" decoding=\"async\" width=\"300\" height=\"40\" class=\"wp-image-1319\" style=\"width: 90px; height: 8px;\" src=\"https:\/\/www.epe.tuiasi.ro\/wp-content\/uploads\/2024\/03\/img1.png\" alt=\"\"> <strong>Important dates:<\/strong><\/pre>\n<\/div>\n\n\n\n<div class=\"wp-block-column is-layout-flow wp-block-column-is-layout-flow\"><\/div>\n<\/div>\n\n\n\n<div class=\"wp-block-group\"><div class=\"wp-block-group__inner-container is-layout-constrained wp-block-group-is-layout-constrained\">\n<div class=\"wp-block-columns is-not-stacked-on-mobile is-layout-flex wp-container-core-columns-is-layout-8 wp-block-columns-is-layout-flex\">\n<div class=\"wp-block-column is-layout-flow wp-block-column-is-layout-flow\" style=\"flex-basis:200px\">\n<p class=\"has-text-align-right\">Extended abstract submission:<br>Extended abstract notification:<br>              Full paper submission:<br>Notification of acceptance:<br> Registration, fee payment &amp;      Camera ready submission:<br>&nbsp;&nbsp;&nbsp;&nbsp;&nbsp;&nbsp;&nbsp;&nbsp;&nbsp;&nbsp;&nbsp;&nbsp;&nbsp;&nbsp;&nbsp;&nbsp;&nbsp;&nbsp;&nbsp;&nbsp;&nbsp;&nbsp;&nbsp;&nbsp;&nbsp;&nbsp;&nbsp;&nbsp;&nbsp;&nbsp;&nbsp;&nbsp;&nbsp;Conference: <br><\/p>\n<\/div>\n\n\n\n<div class=\"wp-block-column is-layout-flow wp-block-column-is-layout-flow\" style=\"font-style:normal;font-weight:100;flex-basis:145px\">\n<p class=\"has-text-color has-link-color wp-elements-101a8d4f314ec7d5c3d8f1c4091bb743\" style=\"color:#ff0000\"><strong>June 30, 2024<\/strong><br><strong>July 20, 2024<\/strong><br><strong>July 25, 2024<\/strong><br><strong>July 29, 2024<\/strong><br><span style=\"color: #ff0000;\"><b>September 30, 2024<\/b><\/span><br><span style=\"color: #ff0000;\"><b>October 17-19, 2024<\/b><\/span><\/p>\n<\/div>\n<\/div>\n<\/div><\/div>\n","protected":false},"excerpt":{"rendered":"<p>Call for papers You may download here the 3rd EPEi 2024 Call for Papers. Topics: \u2022 Automation and robotics\u2022 Computer science and AI applications\u2022 Education in electrical and power engineering\u2022 &#8230;<\/p>\n","protected":false},"author":2,"featured_media":0,"parent":0,"menu_order":0,"comment_status":"closed","ping_status":"closed","template":"","meta":{"inline_featured_image":false,"footnotes":""},"class_list":["post-88","page","type-page","status-publish","hentry"],"_links":{"self":[{"href":"https:\/\/www.epe.tuiasi.ro\/2024\/wp-json\/wp\/v2\/pages\/88"}],"collection":[{"href":"https:\/\/www.epe.tuiasi.ro\/2024\/wp-json\/wp\/v2\/pages"}],"about":[{"href":"https:\/\/www.epe.tuiasi.ro\/2024\/wp-json\/wp\/v2\/types\/page"}],"author":[{"embeddable":true,"href":"https:\/\/www.epe.tuiasi.ro\/2024\/wp-json\/wp\/v2\/users\/2"}],"replies":[{"embeddable":true,"href":"https:\/\/www.epe.tuiasi.ro\/2024\/wp-json\/wp\/v2\/comments?post=88"}],"version-history":[{"count":56,"href":"https:\/\/www.epe.tuiasi.ro\/2024\/wp-json\/wp\/v2\/pages\/88\/revisions"}],"predecessor-version":[{"id":3701,"href":"https:\/\/www.epe.tuiasi.ro\/2024\/wp-json\/wp\/v2\/pages\/88\/revisions\/3701"}],"wp:attachment":[{"href":"https:\/\/www.epe.tuiasi.ro\/2024\/wp-json\/wp\/v2\/media?parent=88"}],"curies":[{"name":"wp","href":"https:\/\/api.w.org\/{rel}","templated":true}]}}