{"id":128,"date":"2024-02-10T18:47:21","date_gmt":"2024-02-10T18:47:21","guid":{"rendered":"http:\/\/www.epe.tuiasi.ro\/site\/?page_id=128"},"modified":"2024-09-30T12:28:17","modified_gmt":"2024-09-30T10:28:17","slug":"jointevents","status":"publish","type":"page","link":"https:\/\/www.epe.tuiasi.ro\/2024\/jointevents\/","title":{"rendered":"<img src=\"https:\/\/www.epe.tuiasi.ro\/wp-content\/uploads\/2024\/03\/img2.png\"\/>   Joint Events"},"content":{"rendered":"\n<div class=\"wp-block-columns is-layout-flex wp-container-core-columns-is-layout-1 wp-block-columns-is-layout-flex\">\n<div class=\"wp-block-column is-layout-flow wp-block-column-is-layout-flow\">\n<pre class=\"wp-block-preformatted titlu has-white-color has-text-color has-background has-link-color has-medium-font-size wp-elements-6c1f5d89edeb4a11d0365c107d70a72e\" style=\"background-color:#030050\"><img loading=\"lazy\" decoding=\"async\" width=\"300\" height=\"40\" class=\"wp-image-1319\" style=\"width: 90px; height: 8px;\" src=\"https:\/\/www.epe.tuiasi.ro\/wp-content\/uploads\/2024\/03\/img1.png\" alt=\"\"> <strong>Workshops:<\/strong><\/pre>\n<\/div>\n\n\n\n<div class=\"wp-block-column is-layout-flow wp-block-column-is-layout-flow\"><\/div>\n<\/div>\n\n\n\n<ul class=\"wp-block-list\">\n<li>9th International Workshop with Industry on Electromagnetic Properties of Materials and Dedicated Applications<\/li>\n\n\n\n<li><a href=\"#emc\" data-type=\"internal\" data-id=\"#emc\">8th International Workshop on Electromagnetic Compatibility and Engineering in Medicine and Biology<\/a><\/li>\n\n\n\n<li>6th Workshop on Lighting: From Energy Efficiency to Light Pollution<\/li>\n\n\n\n<li>5th Workshop on Internet of Things<\/li>\n\n\n\n<li><a href=\"#rehab\" data-type=\"internal\" data-id=\"#rehab\" target=\"_blank\" rel=\"noreferrer noopener\">4th International Workshop on Advances in Rehabilitation Engineering Applications<\/a><\/li>\n\n\n\n<li>3<sup>rd<\/sup> Workshop on Trends and Challenges of Automotive Industry<\/li>\n\n\n\n<li><a href=\"#climate\" data-type=\"internal\" data-id=\"#climate\">1st International Workshop on Energy Efficiency: Transition to Climate Neutrality<\/a><\/li>\n<\/ul>\n\n\n\n<p class=\"has-black-color has-text-color has-link-color has-medium-font-size wp-elements-e16c0712556ad80bb2d3f7de404185ef\"><span style=\"color: #000000;\"><strong><a id=\"emc\">8th International Workshop on Electromagnetic Compatibility and Engineering in Medicine and Biology<\/a><\/strong><\/span><\/p>\n\n\n\n<p class=\"has-small-font-size\"><span style=\"color: #000000;\">The aim of this workshop is to bring together scientists, engineers, manufacturers and users from all over the world to discuss common theoretical and practical problems, describe scientific and commercial applications and explore avenues for future research in \u2013 and connections between \u2013 these two dynamical domains: Electromagnetic Compatibility &amp; Engineering in Medicine and Biology.<\/span><\/p>\n\n\n\n<p><span style=\"color: #000000;\">The main topics are focused on the characterization of electromagnetic environments, associated with field influence on technical or biological systems. What makes the EMC&amp;EMB workshop special is its approach towards considering interconnections between the electromagnetic fields and medical bioengineering.<\/span><\/p>\n\n\n\n<p><span style=\"color: #000000;\">Thus, topics include, but are not limited to:<\/span><br><span style=\"color: #000000;\">\u2013 EMC in electrical and electronic engineering<\/span><br><span style=\"color: #000000;\">\u2013 Electrostatic discharge (ESD)<\/span><br><span style=\"color: #000000;\">\u2013 EMC measurement, instrumentation and testing<\/span><br><span style=\"color: #000000;\">\u2013 Electromagnetic modeling and simulation<\/span><br><span style=\"color: #000000;\">\u2013 Survey of electromagnetic environments<\/span><br><span style=\"color: #000000;\">\u2013 Electromagnetic shields and absorbers<\/span><br><span style=\"color: #000000;\">\u2013 Electromagnetic interference characterization\/control in medical devices and hospitals&nbsp;<\/span><br><span style=\"color: #000000;\">\u2013 Biological and health effects of electromagnetic fields<\/span><br><span style=\"color: #000000;\">\u2013 Electro and magneto therapy<\/span><br><span style=\"color: #000000;\">\u2013 Electromagnetic\/bioelectromagnetic signatures acquisition and processing&nbsp;<\/span><br><span style=\"color: #000000;\">\u2013 Embedded\/wearable systems in biomedical engineering<\/span><br><span style=\"color: #000000;\">\u2013 Wireless communication in biomedicine\/measurements&nbsp;<\/span><br><span style=\"color: #000000;\">\u2013 Methods and modeling in medicine and biology&nbsp;<\/span><\/p>\n\n\n\n<p><span style=\"color: #000000;\">For submitting a paper for this workshop, please choose 8th International Workshop on Electromagnetic Compatibility and Engineering in Medicine and Biology as primary subject area in the <a href=\"https:\/\/cmt3.research.microsoft.com\/EPEi2024\" target=\"_blank\" rel=\"noreferrer noopener\"><strong>submission system interface<\/strong><\/a>.<\/span><\/p>\n\n\n\n<p><span style=\"color: #000000;\"><strong>Workshop co-chairs:<\/strong>&nbsp;<\/span><\/p>\n\n\n\n<p><span style=\"color: #000000;\">Prof. Valeriu David, PhD<\/span> &#8211; <a href=\"mailto:valdavid@tuiasi.ro\">valdavid@tuiasi.ro<\/a><br><span style=\"color: #000000;\">Assoc. Prof. Eduard Lunca, PhD<\/span> &#8211; <span style=\"color: #000000;\"><a href=\"mailto:elunca@tuiasi.ro\">elunca@tuiasi.ro<\/a><\/span><\/p>\n\n\n\n<p class=\"has-black-color has-text-color has-link-color has-medium-font-size wp-elements-c53a628f1452cfab0cd6cbdc974bd42d\"><strong><a id=\"rehab\">4th International Workshop on Advances in Rehabilitation Engineering Applications<\/a><\/strong><\/p>\n\n\n\n<p class=\"has-black-color has-text-color has-link-color wp-elements-4ceae86df315d2fd0b445493c7fea221\"><span style=\"color: #000000;\"><\/span><\/p>\n\n\n\n<p class=\"has-black-color has-text-color has-link-color wp-elements-8005fcdca5825b4b5a56e38383e655c0\"><strong>Workshop co-chairs:<\/strong><\/p>\n\n\n\n<p class=\"has-black-color has-text-color has-link-color wp-elements-3fcf7c5f6072104ba7ee9d504a4d7cee\">Prof. Marian-Silviu Poboroniuc, Faculty of Electrical Enginnering of Ia\u015fi<br>Prof. Nirvana Popescu, University Politehnica of Bucharest<br>Prof. Dorin Popescu, University of Craiova<br>Assoc. Prof. D\u0103nu\u021b-Constantin Irimia, Faculty of Electrical Enginnering of Ia\u015fi<br>Lecturer Alina Baciu, Faculty of Electrical Enginnering of Ia\u015fi<br>As. PhD Alexandru Mitocaru, Faculty of Electrical Enginnering of Ia\u015fi, Doctoral School TUIASI.<\/p>\n\n\n\n<p class=\"has-black-color has-text-color has-link-color has-small-font-size wp-elements-dec50b0d1f93ade3ffaa11d037791597\"><strong>About workshop:<\/strong><\/p>\n\n\n\n<p class=\"has-black-color has-text-color has-link-color has-small-font-size wp-elements-20972ba011d7220325739513e7d0db77\">Assisting robotics enable patients to perform repeated movements, which can stimulate the brain to regain control of upper and lower limbs through a process known as neuroplasticity. Recent research highlights that combining electromechanical-assisted gait training with Functional Electrical Stimulation (FES) yields greater benefits than robotic treatment alone. Brain-computer interfaces (BCIs) represent a promising new technology for restoring, substituting, or enhancing lost motor functions in patients with neurological injuries. This workshop focuses on hybrid systems that integrate BCIs, FES, and exoskeletons to promote motor recovery in individuals with central nervous system lesions.<br><strong>Co-Organizer: <\/strong>Energy Conversion and Motion Control Systems Research Centre (SCECM &#8211; <a href=\"https:\/\/eertis.eu\/errf-2300-000h-2207\">https:\/\/eertis.eu\/errf-2300-000h-2207<\/a>&nbsp;&nbsp;) Research Centre, Iasi, Romania. <br>For submitting a paper for this workshop, please choose 4th International Workshop on Advances in Rehabilitation Engineering Applications as primary subject area in <span style=\"color: #000000;\"><a href=\"https:\/\/cmt3.research.microsoft.com\/EPEi2024\" target=\"_blank\" rel=\"noreferrer noopener\"><strong>submission system interface<\/strong><\/a>.<\/span><\/p>\n\n\n\n<p class=\"has-black-color has-text-color has-link-color wp-elements-791b6bb678760481ff34b3b00a4b86aa\"><span style=\"color: #000000;\">For submitting a paper for this workshop, please choose <\/span>4th International Workshop on Advances in Rehabilitation Engineering Applications as primary subject area in the  <a href=\"https:\/\/cmt3.research.microsoft.com\/EPEi2024\" target=\"_blank\" rel=\"noreferrer noopener\"><span style=\"color: #0000ff;\"><strong>submission system interface<\/strong><\/span><\/a>. <\/p>\n\n\n\n<p><\/p>\n\n\n\n<p class=\"has-black-color has-text-color has-link-color has-medium-font-size wp-elements-1b31a7e9de4379d6b3f5d3c686d92ffc\"><strong><a id=\"climate\">1st International Workshop on Energy Efficiency: Transition to Climate Neutrality<\/a><\/strong><\/p>\n\n\n\n<p>check the <a href=\"https:\/\/www.epe.tuiasi.ro\/sections\/energyefficiency\/\">webpage<\/a><\/p>\n\n\n\n<p class=\"has-black-color has-text-color has-link-color wp-elements-4ceae86df315d2fd0b445493c7fea221\"><span style=\"color: #000000;\"><\/span><\/p>\n\n\n\n<p class=\"has-black-color has-text-color has-link-color wp-elements-1f13edc2ae9cbafd7f0e6cab8c5b8596\"><strong>Chairs:<\/strong><\/p>\n\n\n\n<p class=\"has-black-color has-text-color has-link-color wp-elements-5a91f936497b0863a3fc847454421d9f\">Assoc. Prof. Bogdan-Constantin Neagu, Gheorghe Asachi Technical University of Ia\u015fi<br>Prof. Radu Porumb, National University of Science and Technology POLITEHNICA of Bucharest<\/p>\n\n\n\n<p class=\"has-black-color has-text-color has-link-color wp-elements-8005fcdca5825b4b5a56e38383e655c0\"><strong>Workshop co-chairs:<\/strong><\/p>\n\n\n\n<p class=\"has-black-color has-text-color has-link-color wp-elements-27f639768001bbbccffd790e39491bf6\">Prof. Gheorghe Grigoras, Gheorghe Asachi Technical University of Ia\u015fi<br>Prof. Dan Micu, Technical University of Cluj-Napoca<br>Prof. Radu Pentiuc, University of Suceava<br>Assoc. Prof. Ioan Bitir-Istrate, National University of Science and Technology POLITEHNICA of Bucharest<br>Assoc. Prof. Andrei Ceclan, Technical University of Cluj-Napoca<br>Assoc. Prof. Simo Attila, Politehnica University of Timisoara<br>Lect. R\u0103zvan Beniug\u0103, Gheorghe Asachi Technical University of Ia\u015fi<br>Eng. Matei Dimitriu &#8211; Energy Efficiency Directorate, Ministry of Energy<\/p>\n\n\n\n<p class=\"has-black-color has-text-color has-link-color wp-elements-475af31764576e4587db4f184cdfc3a3\"><strong>About workshop:<\/strong><\/p>\n\n\n\n<p class=\"has-black-color has-text-color has-link-color wp-elements-0d1ad01f9d9715d4411d1abfca8c5b5e\">First International Workshop on Energy Efficiency: Transition to Climate Neutrality is a significant event focused on addressing solutions for energy efficiency and the transition to climate neutrality. This transition is essential for achieving carbon reduction goals and tackling climate change through the adoption of sustainable practices and technologies: promoting energy efficiency, transition to climate neutrality, innovation and green technologies and policies and regulations for energy efficiency. This event raises awareness of the importance of energy efficiency and the transition to climate neutrality. It also offers the opportunity to build partnerships between academia, industry, and government to accelerate the adoption of solutions that will support the global transition to sustainability.<\/p>\n\n\n\n<p class=\"has-black-color has-text-color has-link-color wp-elements-2e6c7476682342569e57843e57be5d17\"><strong>Co-Organizer: <\/strong><\/p>\n\n\n\n<p class=\"has-black-color has-text-color has-link-color wp-elements-cbd1839f845ab1e7de49227fbf88ba40\">Environmental Resource Center (CEREM) and Society of Energy Auditors and Managers from Romania (SAMER).<\/p>\n\n\n\n<p>For submitting a paper (to be publish in the IEEE EPEi Conference) or only a subject for this workshop, please choose Section 20. Roundtable on Electrical and Power Engineering -Energy Efficiency as primary subject area in submission system interface or direct to email: <a href=\"mailto:bogdan.neagu@tuiasi.ro\">bogdan.neagu@tuiasi.ro<\/a><br>If the author want to participate at the EPEi conference Gala Dinner please complete the Registration form on<a href=\" https:\/\/www.epe.tuiasi.ro\/registration\/\"><strong> https:\/\/www.epe.tuiasi.ro\/registration\/<\/strong><\/a><\/p>\n\n\n\n<p class=\"has-black-color has-text-color has-link-color wp-elements-9ac00cf961d1ea846fe5a532228b76c6\"><\/p>\n\n\n\n<p><\/p>\n","protected":false},"excerpt":{"rendered":"<p>Workshops: 8th International Workshop on Electromagnetic Compatibility and Engineering in Medicine and Biology The aim of this workshop is to bring together scientists, engineers, manufacturers and users from all over &#8230;<\/p>\n","protected":false},"author":2,"featured_media":0,"parent":0,"menu_order":0,"comment_status":"closed","ping_status":"closed","template":"template-fullwidth.php","meta":{"inline_featured_image":false,"footnotes":""},"class_list":["post-128","page","type-page","status-publish","hentry"],"_links":{"self":[{"href":"https:\/\/www.epe.tuiasi.ro\/2024\/wp-json\/wp\/v2\/pages\/128"}],"collection":[{"href":"https:\/\/www.epe.tuiasi.ro\/2024\/wp-json\/wp\/v2\/pages"}],"about":[{"href":"https:\/\/www.epe.tuiasi.ro\/2024\/wp-json\/wp\/v2\/types\/page"}],"author":[{"embeddable":true,"href":"https:\/\/www.epe.tuiasi.ro\/2024\/wp-json\/wp\/v2\/users\/2"}],"replies":[{"embeddable":true,"href":"https:\/\/www.epe.tuiasi.ro\/2024\/wp-json\/wp\/v2\/comments?post=128"}],"version-history":[{"count":19,"href":"https:\/\/www.epe.tuiasi.ro\/2024\/wp-json\/wp\/v2\/pages\/128\/revisions"}],"predecessor-version":[{"id":3615,"href":"https:\/\/www.epe.tuiasi.ro\/2024\/wp-json\/wp\/v2\/pages\/128\/revisions\/3615"}],"wp:attachment":[{"href":"https:\/\/www.epe.tuiasi.ro\/2024\/wp-json\/wp\/v2\/media?parent=128"}],"curies":[{"name":"wp","href":"https:\/\/api.w.org\/{rel}","templated":true}]}}